{"id":138,"date":"2025-02-10T15:59:44","date_gmt":"2025-02-10T15:59:44","guid":{"rendered":"https:\/\/moaravaleapai.ro\/?page_id=138"},"modified":"2025-03-07T16:01:53","modified_gmt":"2025-03-07T16:01:53","slug":"voluntariat","status":"publish","type":"page","link":"https:\/\/moaravaleapai.ro\/?page_id=138","title":{"rendered":"Voluntariat"},"content":{"rendered":"\n<p>\u00cen fiecare faz\u0103 a proiectului avem nevoie de voluntari care s\u0103 ne ajute s\u0103 progres\u0103m. Pentru c\u0103 fondurile sunt limitate \u0219i nevoile sunt foarte multe. De aceea fiecare m\u00e2n\u0103 de ajutor conteaz\u0103! <\/p>\n\n\n\n<h4>Voluntariat specializat<\/h4>\n\n\n\n<p>Dac\u0103 e\u0219ti inginer, arhitect, constructor sau me\u0219ter, ajutorul t\u0103u poate face diferen\u021ba! \u00cen toate etapele proiectului avem nevoie de oameni ca tine s\u0103 ne ajute s\u0103 avans\u0103m.<\/p>\n\n\n\n<figure class=\"wp-block-image\"><img alt=\"\"\/><\/figure>\n\n\n\n<h4><strong>Voluntariat nespecializat<\/strong><\/h4>\n\n\n\n<p>Nu conteaz\u0103 c\u0103 nu e\u0219ti specialist \u00een construc\u021bii \u0219i amenaj\u0103ri. Avem nevoie de ajutor nespecializat \u00een mod constant. Sunt multe activit\u0103\u021bi unde dorin\u021ba de implicare \u0219i munca cu drag \u0219i spor sunt mai mult dec\u00e2t suficiente! Vino la ac\u021biunile organizate de Asocia\u021bia Acas\u0103 \u00een Banat la Moara de la Valeapai. Completeaz\u0103 formularul de voluntariat \u0219i d\u0103-ne detalii despre disponibilitatea ta! <\/p>\n\n\n\n<h4>Voluntariat corporativ<\/h4>\n\n\n\n<figure class=\"wp-block-image size-large\"><img loading=\"lazy\" width=\"1024\" height=\"683\" src=\"http:\/\/moaravaleapai.ro\/wp-content\/uploads\/2025\/02\/voluntariat-moara-123formbuilder-6-1024x683.jpg\" alt=\"\" class=\"wp-image-192\" srcset=\"https:\/\/moaravaleapai.ro\/wp-content\/uploads\/2025\/02\/voluntariat-moara-123formbuilder-6-1024x683.jpg 1024w, https:\/\/moaravaleapai.ro\/wp-content\/uploads\/2025\/02\/voluntariat-moara-123formbuilder-6-300x200.jpg 300w, https:\/\/moaravaleapai.ro\/wp-content\/uploads\/2025\/02\/voluntariat-moara-123formbuilder-6-768x512.jpg 768w, https:\/\/moaravaleapai.ro\/wp-content\/uploads\/2025\/02\/voluntariat-moara-123formbuilder-6.jpg 1200w\" sizes=\"(max-width: 1024px) 100vw, 1024px\" \/><\/figure>\n\n\n\n<p>Dac\u0103 reprezin\u021bi o companie care dore\u0219te s\u0103 se implice \u00een proiect \u0219i s\u0103 participe cu angaja\u021bii la activit\u0103\u021bi de voluntariat. Organiz\u0103m evenimente de voluntariat personalizate, cu activit\u0103\u021bi specifice coordonate de echipa Acas\u0103 \u00een Banat, potrivit legii voluntariatului. Contacteaz\u0103-ne pe email acasainbanat(at)gmail(punct)com sau la telefon 0748918091 \u0219i vino al\u0103turi de noi!<\/p>\n","protected":false},"excerpt":{"rendered":"<p>\u00cen fiecare faz\u0103 a proiectului avem nevoie de voluntari care s\u0103 ne ajute s\u0103 progres\u0103m. Pentru c\u0103 fondurile sunt limitate \u0219i nevoile sunt foarte multe. De aceea fiecare m\u00e2n\u0103 de ajutor conteaz\u0103! Voluntariat specializat Dac\u0103 e\u0219ti inginer, arhitect, constructor sau me\u0219ter, ajutorul t\u0103u poate face diferen\u021ba! \u00cen toate etapele proiectului avem nevoie de oameni ca&hellip; <a class=\"more-link\" href=\"https:\/\/moaravaleapai.ro\/?page_id=138\">Continu\u0103 lectura <span class=\"screen-reader-text\">Voluntariat<\/span><\/a><\/p>\n","protected":false},"author":1,"featured_media":0,"parent":0,"menu_order":0,"comment_status":"closed","ping_status":"closed","template":"","meta":[],"_links":{"self":[{"href":"https:\/\/moaravaleapai.ro\/index.php?rest_route=\/wp\/v2\/pages\/138"}],"collection":[{"href":"https:\/\/moaravaleapai.ro\/index.php?rest_route=\/wp\/v2\/pages"}],"about":[{"href":"https:\/\/moaravaleapai.ro\/index.php?rest_route=\/wp\/v2\/types\/page"}],"author":[{"embeddable":true,"href":"https:\/\/moaravaleapai.ro\/index.php?rest_route=\/wp\/v2\/users\/1"}],"replies":[{"embeddable":true,"href":"https:\/\/moaravaleapai.ro\/index.php?rest_route=%2Fwp%2Fv2%2Fcomments&post=138"}],"version-history":[{"count":5,"href":"https:\/\/moaravaleapai.ro\/index.php?rest_route=\/wp\/v2\/pages\/138\/revisions"}],"predecessor-version":[{"id":218,"href":"https:\/\/moaravaleapai.ro\/index.php?rest_route=\/wp\/v2\/pages\/138\/revisions\/218"}],"wp:attachment":[{"href":"https:\/\/moaravaleapai.ro\/index.php?rest_route=%2Fwp%2Fv2%2Fmedia&parent=138"}],"curies":[{"name":"wp","href":"https:\/\/api.w.org\/{rel}","templated":true}]}}