{"id":176,"date":"2025-02-16T16:26:16","date_gmt":"2025-02-16T16:26:16","guid":{"rendered":"https:\/\/moaravaleapai.ro\/?page_id=176"},"modified":"2025-02-16T16:26:16","modified_gmt":"2025-02-16T16:26:16","slug":"obiective-turistice","status":"publish","type":"page","link":"https:\/\/moaravaleapai.ro\/?page_id=176","title":{"rendered":"Obiective turistice"},"content":{"rendered":"\n<ol><li>Castelul Atanasievici<\/li><li>Arhitectura rural\u0103 a satului Valeapai<\/li><li>Biserica ortodox\u0103 Valeapai<\/li><li>Locul Fosilifer Valeapai<\/li><li>C\u0103su\u021ba Trifan<\/li><li>Cula Arime\u0219ului (Codru)<\/li><li>Izvorul termal de la B\u0103rbosu<\/li><li>Pe\u0219tera<\/li><li>Satul B\u0103rbosu<\/li><\/ol>\n\n\n\n<p>TRASEE TURISTICE<\/p>\n\n\n\n<ol><li>Turul satelor Valeapai &#8211; Ramna &#8211; B\u0103rbosu<\/li><li><\/li><\/ol>\n","protected":false},"excerpt":{"rendered":"<p>Castelul Atanasievici Arhitectura rural\u0103 a satului Valeapai Biserica ortodox\u0103 Valeapai Locul Fosilifer Valeapai C\u0103su\u021ba Trifan Cula Arime\u0219ului (Codru) Izvorul termal de la B\u0103rbosu Pe\u0219tera Satul B\u0103rbosu TRASEE TURISTICE Turul satelor Valeapai &#8211; Ramna &#8211; B\u0103rbosu<\/p>\n","protected":false},"author":1,"featured_media":0,"parent":0,"menu_order":0,"comment_status":"closed","ping_status":"closed","template":"","meta":[],"_links":{"self":[{"href":"https:\/\/moaravaleapai.ro\/index.php?rest_route=\/wp\/v2\/pages\/176"}],"collection":[{"href":"https:\/\/moaravaleapai.ro\/index.php?rest_route=\/wp\/v2\/pages"}],"about":[{"href":"https:\/\/moaravaleapai.ro\/index.php?rest_route=\/wp\/v2\/types\/page"}],"author":[{"embeddable":true,"href":"https:\/\/moaravaleapai.ro\/index.php?rest_route=\/wp\/v2\/users\/1"}],"replies":[{"embeddable":true,"href":"https:\/\/moaravaleapai.ro\/index.php?rest_route=%2Fwp%2Fv2%2Fcomments&post=176"}],"version-history":[{"count":1,"href":"https:\/\/moaravaleapai.ro\/index.php?rest_route=\/wp\/v2\/pages\/176\/revisions"}],"predecessor-version":[{"id":177,"href":"https:\/\/moaravaleapai.ro\/index.php?rest_route=\/wp\/v2\/pages\/176\/revisions\/177"}],"wp:attachment":[{"href":"https:\/\/moaravaleapai.ro\/index.php?rest_route=%2Fwp%2Fv2%2Fmedia&parent=176"}],"curies":[{"name":"wp","href":"https:\/\/api.w.org\/{rel}","templated":true}]}}