{"id":50,"date":"2025-02-09T14:40:46","date_gmt":"2025-02-09T14:40:46","guid":{"rendered":"http:\/\/moaravaleapai.ro\/?page_id=50"},"modified":"2025-05-27T11:56:24","modified_gmt":"2025-05-27T09:56:24","slug":"sponsori-si-parteneri","status":"publish","type":"page","link":"https:\/\/moaravaleapai.ro\/?page_id=50","title":{"rendered":"Sponsori \u0219i parteneri"},"content":{"rendered":"\n<p>Pentru a duce la bun sf\u00e2r\u0219it proiectul de reconversie a morii \u0219i func\u021bionarea ei, avem nevoie de sprijinul unor sponsori \u0219i parteneri de curs\u0103 lung\u0103. Fie c\u0103 este vorba de o sponsorizare \u00een bani, \u00een materiale de construc\u021bii sau produse, dona\u021bii sau ajutor logistic, de toate avem nevoie \u0219i toate sunt importante! Le mul\u021bumim urm\u0103torilor sponsori \u0219i parteneri care ni s-au al\u0103turat p\u00e2n\u0103 acum:<\/p>\n\n\n\n<h4><strong>Sponsori<\/strong><\/h4>\n\n\n\n<ul><li><a href=\"http:\/\/www.girod.ro\/\" data-type=\"URL\" data-id=\"http:\/\/www.girod.ro\/\" target=\"_blank\" rel=\"noreferrer noopener\">Girod Semnalizare Rutier\u0103 SRL<\/a><\/li><li><a rel=\"noreferrer noopener\" href=\"https:\/\/www.123formbuilder.com\/\" data-type=\"URL\" data-id=\"https:\/\/www.123formbuilder.com\/\" target=\"_blank\">123FormBuilder<\/a><\/li><li><a rel=\"noreferrer noopener\" href=\"https:\/\/www.sustainalytics.com\/\" data-type=\"URL\" data-id=\"https:\/\/www.sustainalytics.com\/\" target=\"_blank\">Sustainalytics<\/a><\/li><\/ul>\n\n\n\n<h4><strong>Parteneri<\/strong><\/h4>\n\n\n\n<ul><li><a rel=\"noreferrer noopener\" href=\"https:\/\/ramna.ro\/\" data-type=\"URL\" data-id=\"https:\/\/ramna.ro\/\" target=\"_blank\">Prim\u0103ria comunei Ramna<\/a><\/li><li>Moti Atelier Design SRL<\/li><li>SC Path&#8217;s Rout SRL<\/li><li><a href=\"https:\/\/anp.gov.ro\/penitenciarul-timisoara\/\" data-type=\"URL\" data-id=\"https:\/\/anp.gov.ro\/penitenciarul-timisoara\/\" target=\"_blank\" rel=\"noreferrer noopener\">Penitenciarul Timi\u0219oara<\/a><\/li><\/ul>\n\n\n\n<p><\/p>\n","protected":false},"excerpt":{"rendered":"<p>Pentru a duce la bun sf\u00e2r\u0219it proiectul de reconversie a morii \u0219i func\u021bionarea ei, avem nevoie de sprijinul unor sponsori \u0219i parteneri de curs\u0103 lung\u0103. Fie c\u0103 este vorba de o sponsorizare \u00een bani, \u00een materiale de construc\u021bii sau produse, dona\u021bii sau ajutor logistic, de toate avem nevoie \u0219i toate sunt importante! Le mul\u021bumim urm\u0103torilor&hellip; <a class=\"more-link\" href=\"https:\/\/moaravaleapai.ro\/?page_id=50\">Continu\u0103 lectura <span class=\"screen-reader-text\">Sponsori \u0219i parteneri<\/span><\/a><\/p>\n","protected":false},"author":1,"featured_media":0,"parent":0,"menu_order":0,"comment_status":"closed","ping_status":"closed","template":"","meta":[],"_links":{"self":[{"href":"https:\/\/moaravaleapai.ro\/index.php?rest_route=\/wp\/v2\/pages\/50"}],"collection":[{"href":"https:\/\/moaravaleapai.ro\/index.php?rest_route=\/wp\/v2\/pages"}],"about":[{"href":"https:\/\/moaravaleapai.ro\/index.php?rest_route=\/wp\/v2\/types\/page"}],"author":[{"embeddable":true,"href":"https:\/\/moaravaleapai.ro\/index.php?rest_route=\/wp\/v2\/users\/1"}],"replies":[{"embeddable":true,"href":"https:\/\/moaravaleapai.ro\/index.php?rest_route=%2Fwp%2Fv2%2Fcomments&post=50"}],"version-history":[{"count":8,"href":"https:\/\/moaravaleapai.ro\/index.php?rest_route=\/wp\/v2\/pages\/50\/revisions"}],"predecessor-version":[{"id":291,"href":"https:\/\/moaravaleapai.ro\/index.php?rest_route=\/wp\/v2\/pages\/50\/revisions\/291"}],"wp:attachment":[{"href":"https:\/\/moaravaleapai.ro\/index.php?rest_route=%2Fwp%2Fv2%2Fmedia&parent=50"}],"curies":[{"name":"wp","href":"https:\/\/api.w.org\/{rel}","templated":true}]}}