{"id":7,"date":"2025-02-09T13:38:31","date_gmt":"2025-02-09T13:38:31","guid":{"rendered":"http:\/\/moaravaleapai.ro\/?page_id=7"},"modified":"2025-02-16T18:57:51","modified_gmt":"2025-02-16T18:57:51","slug":"contact","status":"publish","type":"page","link":"https:\/\/moaravaleapai.ro\/?page_id=7","title":{"rendered":"Contact"},"content":{"rendered":"\n<p>Aceasta e o pagin\u0103 cu c\u00e2teva simple informa\u021bii de contact, cum ar fi adresa sau num\u0103rul de telefon. Ai putea s\u0103 \u00eencerci \u0219i un modul ca s\u0103 adaugi un formular de contact.<\/p>\n\n\n\n<figure class=\"wp-block-image size-large\"><img loading=\"lazy\" width=\"1024\" height=\"424\" src=\"http:\/\/moaravaleapai.ro\/wp-content\/uploads\/2025\/02\/logo-acasa-nou10-1024x424.png\" alt=\"\" class=\"wp-image-178\" srcset=\"https:\/\/moaravaleapai.ro\/wp-content\/uploads\/2025\/02\/logo-acasa-nou10-1024x424.png 1024w, https:\/\/moaravaleapai.ro\/wp-content\/uploads\/2025\/02\/logo-acasa-nou10-300x124.png 300w, https:\/\/moaravaleapai.ro\/wp-content\/uploads\/2025\/02\/logo-acasa-nou10-768x318.png 768w, https:\/\/moaravaleapai.ro\/wp-content\/uploads\/2025\/02\/logo-acasa-nou10-1536x636.png 1536w, https:\/\/moaravaleapai.ro\/wp-content\/uploads\/2025\/02\/logo-acasa-nou10.png 1566w\" sizes=\"(max-width: 1024px) 100vw, 1024px\" \/><\/figure>\n","protected":false},"excerpt":{"rendered":"<p>Aceasta e o pagin\u0103 cu c\u00e2teva simple informa\u021bii de contact, cum ar fi adresa sau num\u0103rul de telefon. Ai putea s\u0103 \u00eencerci \u0219i un modul ca s\u0103 adaugi un formular de contact.<\/p>\n","protected":false},"author":1,"featured_media":0,"parent":0,"menu_order":0,"comment_status":"closed","ping_status":"closed","template":"","meta":[],"_links":{"self":[{"href":"https:\/\/moaravaleapai.ro\/index.php?rest_route=\/wp\/v2\/pages\/7"}],"collection":[{"href":"https:\/\/moaravaleapai.ro\/index.php?rest_route=\/wp\/v2\/pages"}],"about":[{"href":"https:\/\/moaravaleapai.ro\/index.php?rest_route=\/wp\/v2\/types\/page"}],"author":[{"embeddable":true,"href":"https:\/\/moaravaleapai.ro\/index.php?rest_route=\/wp\/v2\/users\/1"}],"replies":[{"embeddable":true,"href":"https:\/\/moaravaleapai.ro\/index.php?rest_route=%2Fwp%2Fv2%2Fcomments&post=7"}],"version-history":[{"count":2,"href":"https:\/\/moaravaleapai.ro\/index.php?rest_route=\/wp\/v2\/pages\/7\/revisions"}],"predecessor-version":[{"id":179,"href":"https:\/\/moaravaleapai.ro\/index.php?rest_route=\/wp\/v2\/pages\/7\/revisions\/179"}],"wp:attachment":[{"href":"https:\/\/moaravaleapai.ro\/index.php?rest_route=%2Fwp%2Fv2%2Fmedia&parent=7"}],"curies":[{"name":"wp","href":"https:\/\/api.w.org\/{rel}","templated":true}]}}